{"id":1624,"date":"2020-05-26T12:26:36","date_gmt":"2020-05-26T10:26:36","guid":{"rendered":"https:\/\/www.marisqueriagils.com\/contacte\/"},"modified":"2020-06-05T13:36:11","modified_gmt":"2020-06-05T11:36:11","slug":"contacte","status":"publish","type":"page","link":"https:\/\/www.marisqueriagils.com\/es\/contacte\/","title":{"rendered":"CONTACTO"},"content":{"rendered":"\t\t<div data-elementor-type=\"wp-page\" data-elementor-id=\"1624\" class=\"elementor elementor-1624 elementor-787\">\n\t\t\t\t\t\t<section class=\"elementor-section elementor-top-section elementor-element elementor-element-db7bc20 elementor-section-boxed elementor-section-height-default elementor-section-height-default parallax_section_no qode_elementor_container_no\" data-id=\"db7bc20\" data-element_type=\"section\">\n\t\t\t\t\t\t<div class=\"elementor-container elementor-column-gap-default\">\n\t\t\t\t\t<div class=\"elementor-column elementor-col-50 elementor-top-column elementor-element elementor-element-daa1823\" data-id=\"daa1823\" data-element_type=\"column\">\n\t\t\t<div class=\"elementor-widget-wrap elementor-element-populated\">\n\t\t\t\t\t\t<div class=\"elementor-element elementor-element-3298fa8 elementor-widget elementor-widget-text-editor\" data-id=\"3298fa8\" data-element_type=\"widget\" data-widget_type=\"text-editor.default\">\n\t\t\t\t<div class=\"elementor-widget-container\">\n\t\t\t\t\t\t\t\t\t<h5>Cons\u00faltanos<\/h5>\t\t\t\t\t\t\t\t<\/div>\n\t\t\t\t<\/div>\n\t\t\t\t<div class=\"elementor-element elementor-element-67e7611 elementor-widget elementor-widget-text-editor\" data-id=\"67e7611\" data-element_type=\"widget\" data-widget_type=\"text-editor.default\">\n\t\t\t\t<div class=\"elementor-widget-container\">\n\t\t\t\t\t\t\t\t\t<h2>Contacta<\/h2>\t\t\t\t\t\t\t\t<\/div>\n\t\t\t\t<\/div>\n\t\t\t\t<div class=\"elementor-element elementor-element-c839eb3 elementor-widget elementor-widget-text-editor\" data-id=\"c839eb3\" data-element_type=\"widget\" data-widget_type=\"text-editor.default\">\n\t\t\t\t<div class=\"elementor-widget-container\">\n\t\t\t\t\t\t\t\t\t<p><span style=\"color: #ffffff;\">Consulta tus dudas en este formulario y os respondremos lo m\u00e1s pronto posible. NO SE ACEPTAN RESERVAS POR CORREO ELECTR\u00d3NICO NI DESDE EL FORMULARIO.<\/span><\/p>\t\t\t\t\t\t\t\t<\/div>\n\t\t\t\t<\/div>\n\t\t\t\t<div class=\"elementor-element elementor-element-c5e3984 elementor-widget elementor-widget-bridge_icon_list_item\" data-id=\"c5e3984\" data-element_type=\"widget\" data-widget_type=\"bridge_icon_list_item.default\">\n\t\t\t\t<div class=\"elementor-widget-container\">\n\t\t\t\t\t<div class=\"q_icon_list\"><span aria-hidden=\"true\" class=\"qode_icon_font_elegant icon_pin qode-ili-icon-holder transparent\" style=\"font-size: 13px;color: #ffffff;\" ><\/span><p style=\"color:#ffffff;font-size: 15px;margin-bottom: 0px;\">Carrer Sant Mer, 111 baixos - 17820 Banyoles<\/p><\/div>\t\t\t\t<\/div>\n\t\t\t\t<\/div>\n\t\t\t\t<div class=\"elementor-element elementor-element-eed9b59 elementor-widget elementor-widget-bridge_icon_list_item\" data-id=\"eed9b59\" data-element_type=\"widget\" data-widget_type=\"bridge_icon_list_item.default\">\n\t\t\t\t<div class=\"elementor-widget-container\">\n\t\t\t\t\t<div class=\"q_icon_list\"><span aria-hidden=\"true\" class=\"qode_icon_font_elegant icon_phone qode-ili-icon-holder transparent\" style=\"font-size: 13px;color: #ffffff;\" ><\/span><p style=\"color:#ffffff;font-size: 15px;margin-bottom: 0px;\">+34 972 572 852<\/p><\/div>\t\t\t\t<\/div>\n\t\t\t\t<\/div>\n\t\t\t\t\t<\/div>\n\t\t<\/div>\n\t\t\t\t<div class=\"elementor-column elementor-col-50 elementor-top-column elementor-element elementor-element-6f331a10\" data-id=\"6f331a10\" data-element_type=\"column\">\n\t\t\t<div class=\"elementor-widget-wrap elementor-element-populated\">\n\t\t\t\t\t\t<div class=\"elementor-element elementor-element-af5842b elementor-widget elementor-widget-bridge_cf_7\" data-id=\"af5842b\" data-element_type=\"widget\" data-widget_type=\"bridge_cf_7.default\">\n\t\t\t\t<div class=\"elementor-widget-container\">\n\t\t\t\t\t    <div class=\"qode-contact-form-7 qode-contact-form-7-0\">\n    \n<div class=\"wpcf7 no-js\" id=\"wpcf7-f1627-o1\" lang=\"en-US\" dir=\"ltr\" data-wpcf7-id=\"1627\">\n<div class=\"screen-reader-response\"><p role=\"status\" aria-live=\"polite\" aria-atomic=\"true\"><\/p> <ul><\/ul><\/div>\n<form action=\"\/es\/wp-json\/wp\/v2\/pages\/1624#wpcf7-f1627-o1\" method=\"post\" class=\"wpcf7-form init cf7_custom_style_1\" aria-label=\"Contact form\" novalidate=\"novalidate\" data-status=\"init\">\n<fieldset class=\"hidden-fields-container\"><input type=\"hidden\" name=\"_wpcf7\" value=\"1627\" \/><input type=\"hidden\" name=\"_wpcf7_version\" value=\"6.1.3\" \/><input type=\"hidden\" name=\"_wpcf7_locale\" value=\"en_US\" \/><input type=\"hidden\" name=\"_wpcf7_unit_tag\" value=\"wpcf7-f1627-o1\" \/><input type=\"hidden\" name=\"_wpcf7_container_post\" value=\"0\" \/><input type=\"hidden\" name=\"_wpcf7_posted_data_hash\" value=\"\" \/><input type=\"hidden\" name=\"_wpcf7_recaptcha_response\" value=\"\" \/>\n<\/fieldset>\n<div>\n\t<p><span class=\"wpcf7-form-control-wrap\" data-name=\"your-message\"><textarea cols=\"40\" rows=\"10\" maxlength=\"2000\" class=\"wpcf7-form-control wpcf7-textarea\" aria-invalid=\"false\" placeholder=\"NO SE ACEPTAN RESERVAS DESDE EL FORMULARIO DE CONTACTO NI POR CORREO ELECTR\u00d3NICO, SOLAMENTE POR TEL\u00c9FONO. GRACIAS. Escribe tu mensaje\" name=\"your-message\"><\/textarea><\/span>\n\t<\/p>\n<\/div>\n<div>\n\t<p><span class=\"wpcf7-form-control-wrap\" data-name=\"your-name\"><input size=\"40\" maxlength=\"400\" class=\"wpcf7-form-control wpcf7-text wpcf7-validates-as-required\" aria-required=\"true\" aria-invalid=\"false\" placeholder=\"Nombre y Apellido*\" value=\"\" type=\"text\" name=\"your-name\" \/><\/span>\n\t<\/p>\n<\/div>\n<div>\n\t<p><span class=\"wpcf7-form-control-wrap\" data-name=\"your-email\"><input size=\"40\" maxlength=\"400\" class=\"wpcf7-form-control wpcf7-email wpcf7-validates-as-required wpcf7-text wpcf7-validates-as-email\" aria-required=\"true\" aria-invalid=\"false\" placeholder=\"Correo-e*\" value=\"\" type=\"email\" name=\"your-email\" \/><\/span>\n\t<\/p>\n<\/div>\n<p><label><span class=\"wpcf7-form-control-wrap\" data-name=\"acceptance-471\"><span class=\"wpcf7-form-control wpcf7-acceptance\"><span class=\"wpcf7-list-item\"><input type=\"checkbox\" name=\"acceptance-471\" value=\"1\" aria-invalid=\"false\" \/><\/span><\/span><\/span> Acepto <a href='https:\/\/www.marisqueriagils.com\/politica-de-privadesa\/' target=\u201c_blank\u201d>la pol\u00edtica de privacidad*.<\/a><\/label>\n<\/p>\n<p><input class=\"wpcf7-form-control wpcf7-submit has-spinner\" type=\"submit\" value=\"Envia\" \/>\n<\/p><div class=\"wpcf7-response-output\" aria-hidden=\"true\"><\/div>\n<\/form>\n<\/div>\n    <\/div>\n\t\t\t\t<\/div>\n\t\t\t\t<\/div>\n\t\t\t\t\t<\/div>\n\t\t<\/div>\n\t\t\t\t\t<\/div>\n\t\t<\/section>\n\t\t\t\t<section class=\"elementor-section elementor-top-section elementor-element elementor-element-c55b4b4 elementor-section-full_width elementor-section-height-default elementor-section-height-default parallax_section_no qode_elementor_container_no\" data-id=\"c55b4b4\" data-element_type=\"section\">\n\t\t\t\t\t\t<div class=\"elementor-container elementor-column-gap-no\">\n\t\t\t\t\t<div class=\"elementor-column elementor-col-100 elementor-top-column elementor-element elementor-element-c52ba33\" data-id=\"c52ba33\" data-element_type=\"column\">\n\t\t\t<div class=\"elementor-widget-wrap elementor-element-populated\">\n\t\t\t\t\t\t<div class=\"elementor-element elementor-element-5a6f31d elementor-widget elementor-widget-google_maps\" data-id=\"5a6f31d\" data-element_type=\"widget\" data-widget_type=\"google_maps.default\">\n\t\t\t\t<div class=\"elementor-widget-container\">\n\t\t\t\t\t\t\t<div class=\"elementor-custom-embed\">\n\t\t\t<iframe loading=\"lazy\"\n\t\t\t\t\tsrc=\"https:\/\/maps.google.com\/maps?q=Carrer%20Sant%20Mer%2C%20111%20baixos%2C%2017820%20Banyoles%2C%20Spain&#038;t=m&#038;z=18&#038;output=embed&#038;iwloc=near\"\n\t\t\t\t\ttitle=\"Carrer Sant Mer, 111 baixos, 17820 Banyoles, Spain\"\n\t\t\t\t\taria-label=\"Carrer Sant Mer, 111 baixos, 17820 Banyoles, Spain\"\n\t\t\t><\/iframe>\n\t\t<\/div>\n\t\t\t\t\t\t<\/div>\n\t\t\t\t<\/div>\n\t\t\t\t\t<\/div>\n\t\t<\/div>\n\t\t\t\t\t<\/div>\n\t\t<\/section>\n\t\t\t\t<\/div>\n\t\t","protected":false},"excerpt":{"rendered":"<p>Cons\u00faltanos Contacta Consulta tus dudas en este formulario y os respondremos lo m\u00e1s pronto posible. NO SE ACEPTAN RESERVAS POR CORREO ELECTR\u00d3NICO NI DESDE EL FORMULARIO. Carrer Sant Mer, 111 baixos &#8211; 17820 Banyoles +34 972 572 852 Acepto la pol\u00edtica de privacidad*.<\/p>\n","protected":false},"author":2,"featured_media":0,"parent":0,"menu_order":0,"comment_status":"closed","ping_status":"closed","template":"full_width.php","meta":{"footnotes":""},"class_list":["post-1624","page","type-page","status-publish","hentry"],"yoast_head":"<!-- This site is optimized with the Yoast SEO plugin v26.4 - https:\/\/yoast.com\/wordpress\/plugins\/seo\/ -->\n<title>CONTACTO - Marisqueria Gil&#039;s<\/title>\n<meta name=\"robots\" content=\"index, follow, max-snippet:-1, max-image-preview:large, max-video-preview:-1\" \/>\n<link rel=\"canonical\" href=\"https:\/\/www.marisqueriagils.com\/es\/contacte\/\" \/>\n<meta property=\"og:locale\" content=\"es_ES\" \/>\n<meta property=\"og:type\" content=\"article\" \/>\n<meta property=\"og:title\" content=\"CONTACTO - Marisqueria Gil&#039;s\" \/>\n<meta property=\"og:description\" content=\"Cons\u00faltanos Contacta Consulta tus dudas en este formulario y os respondremos lo m\u00e1s pronto posible. NO SE ACEPTAN RESERVAS POR CORREO ELECTR\u00d3NICO NI DESDE EL FORMULARIO. Carrer Sant Mer, 111 baixos &#8211; 17820 Banyoles +34 972 572 852 Acepto la pol\u00edtica de privacidad*.\" \/>\n<meta property=\"og:url\" content=\"https:\/\/www.marisqueriagils.com\/es\/contacte\/\" \/>\n<meta property=\"og:site_name\" content=\"Marisqueria Gil&#039;s\" \/>\n<meta property=\"article:modified_time\" content=\"2020-06-05T11:36:11+00:00\" \/>\n<meta name=\"twitter:card\" content=\"summary_large_image\" \/>\n<script type=\"application\/ld+json\" class=\"yoast-schema-graph\">{\"@context\":\"https:\/\/schema.org\",\"@graph\":[{\"@type\":\"WebPage\",\"@id\":\"https:\/\/www.marisqueriagils.com\/es\/contacte\/\",\"url\":\"https:\/\/www.marisqueriagils.com\/es\/contacte\/\",\"name\":\"CONTACTO - Marisqueria Gil&#039;s\",\"isPartOf\":{\"@id\":\"https:\/\/www.marisqueriagils.com\/es\/#website\"},\"datePublished\":\"2020-05-26T10:26:36+00:00\",\"dateModified\":\"2020-06-05T11:36:11+00:00\",\"breadcrumb\":{\"@id\":\"https:\/\/www.marisqueriagils.com\/es\/contacte\/#breadcrumb\"},\"inLanguage\":\"es\",\"potentialAction\":[{\"@type\":\"ReadAction\",\"target\":[\"https:\/\/www.marisqueriagils.com\/es\/contacte\/\"]}]},{\"@type\":\"BreadcrumbList\",\"@id\":\"https:\/\/www.marisqueriagils.com\/es\/contacte\/#breadcrumb\",\"itemListElement\":[{\"@type\":\"ListItem\",\"position\":1,\"name\":\"Inici\",\"item\":\"https:\/\/www.marisqueriagils.com\/es\/\"},{\"@type\":\"ListItem\",\"position\":2,\"name\":\"CONTACTO\"}]},{\"@type\":\"WebSite\",\"@id\":\"https:\/\/www.marisqueriagils.com\/es\/#website\",\"url\":\"https:\/\/www.marisqueriagils.com\/es\/\",\"name\":\"Marisqueria Gil&#039;s\",\"description\":\"Marisqueria a Banyoles, men\u00fa diari, men\u00fa per emportar\",\"potentialAction\":[{\"@type\":\"SearchAction\",\"target\":{\"@type\":\"EntryPoint\",\"urlTemplate\":\"https:\/\/www.marisqueriagils.com\/es\/?s={search_term_string}\"},\"query-input\":{\"@type\":\"PropertyValueSpecification\",\"valueRequired\":true,\"valueName\":\"search_term_string\"}}],\"inLanguage\":\"es\"}]}<\/script>\n<!-- \/ Yoast SEO plugin. -->","yoast_head_json":{"title":"CONTACTO - Marisqueria Gil&#039;s","robots":{"index":"index","follow":"follow","max-snippet":"max-snippet:-1","max-image-preview":"max-image-preview:large","max-video-preview":"max-video-preview:-1"},"canonical":"https:\/\/www.marisqueriagils.com\/es\/contacte\/","og_locale":"es_ES","og_type":"article","og_title":"CONTACTO - Marisqueria Gil&#039;s","og_description":"Cons\u00faltanos Contacta Consulta tus dudas en este formulario y os respondremos lo m\u00e1s pronto posible. NO SE ACEPTAN RESERVAS POR CORREO ELECTR\u00d3NICO NI DESDE EL FORMULARIO. Carrer Sant Mer, 111 baixos &#8211; 17820 Banyoles +34 972 572 852 Acepto la pol\u00edtica de privacidad*.","og_url":"https:\/\/www.marisqueriagils.com\/es\/contacte\/","og_site_name":"Marisqueria Gil&#039;s","article_modified_time":"2020-06-05T11:36:11+00:00","twitter_card":"summary_large_image","schema":{"@context":"https:\/\/schema.org","@graph":[{"@type":"WebPage","@id":"https:\/\/www.marisqueriagils.com\/es\/contacte\/","url":"https:\/\/www.marisqueriagils.com\/es\/contacte\/","name":"CONTACTO - Marisqueria Gil&#039;s","isPartOf":{"@id":"https:\/\/www.marisqueriagils.com\/es\/#website"},"datePublished":"2020-05-26T10:26:36+00:00","dateModified":"2020-06-05T11:36:11+00:00","breadcrumb":{"@id":"https:\/\/www.marisqueriagils.com\/es\/contacte\/#breadcrumb"},"inLanguage":"es","potentialAction":[{"@type":"ReadAction","target":["https:\/\/www.marisqueriagils.com\/es\/contacte\/"]}]},{"@type":"BreadcrumbList","@id":"https:\/\/www.marisqueriagils.com\/es\/contacte\/#breadcrumb","itemListElement":[{"@type":"ListItem","position":1,"name":"Inici","item":"https:\/\/www.marisqueriagils.com\/es\/"},{"@type":"ListItem","position":2,"name":"CONTACTO"}]},{"@type":"WebSite","@id":"https:\/\/www.marisqueriagils.com\/es\/#website","url":"https:\/\/www.marisqueriagils.com\/es\/","name":"Marisqueria Gil&#039;s","description":"Marisqueria a Banyoles, men\u00fa diari, men\u00fa per emportar","potentialAction":[{"@type":"SearchAction","target":{"@type":"EntryPoint","urlTemplate":"https:\/\/www.marisqueriagils.com\/es\/?s={search_term_string}"},"query-input":{"@type":"PropertyValueSpecification","valueRequired":true,"valueName":"search_term_string"}}],"inLanguage":"es"}]}},"_links":{"self":[{"href":"https:\/\/www.marisqueriagils.com\/es\/wp-json\/wp\/v2\/pages\/1624","targetHints":{"allow":["GET"]}}],"collection":[{"href":"https:\/\/www.marisqueriagils.com\/es\/wp-json\/wp\/v2\/pages"}],"about":[{"href":"https:\/\/www.marisqueriagils.com\/es\/wp-json\/wp\/v2\/types\/page"}],"author":[{"embeddable":true,"href":"https:\/\/www.marisqueriagils.com\/es\/wp-json\/wp\/v2\/users\/2"}],"replies":[{"embeddable":true,"href":"https:\/\/www.marisqueriagils.com\/es\/wp-json\/wp\/v2\/comments?post=1624"}],"version-history":[{"count":4,"href":"https:\/\/www.marisqueriagils.com\/es\/wp-json\/wp\/v2\/pages\/1624\/revisions"}],"predecessor-version":[{"id":1629,"href":"https:\/\/www.marisqueriagils.com\/es\/wp-json\/wp\/v2\/pages\/1624\/revisions\/1629"}],"wp:attachment":[{"href":"https:\/\/www.marisqueriagils.com\/es\/wp-json\/wp\/v2\/media?parent=1624"}],"curies":[{"name":"wp","href":"https:\/\/api.w.org\/{rel}","templated":true}]}}